{"id":718,"date":"2017-01-02T08:28:52","date_gmt":"2017-01-02T08:28:52","guid":{"rendered":"https:\/\/demo.themegrill.com\/flash-default-2\/?page_id=5"},"modified":"2022-04-28T08:11:47","modified_gmt":"2022-04-28T08:11:47","slug":"home","status":"publish","type":"page","link":"https:\/\/www.kokgroup.com.tr\/","title":{"rendered":"Home"},"content":{"rendered":"<div id=\"pl-718\"  class=\"panel-layout\" ><div id=\"pg-718-0\"  class=\"panel-grid panel-has-style\" ><div class=\"siteorigin-panels-stretch panel-row-style panel-row-style-for-718-0\" data-stretch-type=\"full-stretched\" ><div id=\"pgc-718-0-0\"  class=\"panel-grid-cell\" ><div id=\"panel-718-0-0-0\" class=\"so-panel widget widget_themegrill_flash_slider tg-section tg-slider-widget panel-first-child panel-last-child\" data-index=\"0\" ><div class=\"tg-slider-widget slider-light slider-content-center slider-control-center full-width\">\n\t<div class=\"swiper-container\">\n\t\t<div class=\"swiper-wrapper\">\n\t\t\t\n\t\t\t\t\t<div class=\"swiper-slide\">\n\t\t\t\t\t\t<figure class=\"slider-image\" >\n\t\t\t\t\t\t\t<img width=\"1903\" height=\"595\"\t\t\t\t\t\t\t\t\tsrc=\"http:\/\/www.kokgroup.com.tr\/wp-content\/uploads\/2022\/04\/262016181547634.png\"\n\t\t\t\t\t\t\t\t\talt=\"K\u00d6K KARDE\u015eLER PETROL\"\n\t\t\t\t\t\t\t\t\ttitle=\"K\u00d6K KARDE\u015eLER PETROL\"\/>\n\t\t\t\t\t\t\t<div class=\"overlay\"><\/div>\n\t\t\t\t\t\t<\/figure>\n\t\t\t\t\t\t<div class=\"slider-content\">\n\t\t\t\t\t\t\t<div class=\"tg-container\">\n\t\t\t\t\t\t\t\t<div class=\"caption-title\">K\u00d6K KARDE\u015eLER PETROL<\/div>\n\t\t\t\t\t\t\t\t<div class=\"caption-desc\">Shell Petrol Bayiili\u011fi<\/div>\n\t\t\t\t\t\t\t\t\t\t\t\t\t\t\t<\/div>\n\t\t\t\t\t\t<\/div>\n\t\t\t\t\t<\/div>\n\n\t\t\t\t\n\t\t\t\t\t<div class=\"swiper-slide\">\n\t\t\t\t\t\t<figure class=\"slider-image\" >\n\t\t\t\t\t\t\t<img width=\"1897\" height=\"595\"\t\t\t\t\t\t\t\t\tsrc=\"http:\/\/www.kokgroup.com.tr\/wp-content\/uploads\/2022\/04\/kokyapi2.jpg\"\n\t\t\t\t\t\t\t\t\talt=\" K\u00d6K YAPI \u0130N\u015eAAT\"\n\t\t\t\t\t\t\t\t\ttitle=\" K\u00d6K YAPI \u0130N\u015eAAT\"\/>\n\t\t\t\t\t\t\t<div class=\"overlay\"><\/div>\n\t\t\t\t\t\t<\/figure>\n\t\t\t\t\t\t<div class=\"slider-content\">\n\t\t\t\t\t\t\t<div class=\"tg-container\">\n\t\t\t\t\t\t\t\t<div class=\"caption-title\"> K\u00d6K YAPI \u0130N\u015eAAT<\/div>\n\t\t\t\t\t\t\t\t<div class=\"caption-desc\"> \u0130n\u015faat Sekt\u00f6r\u00fcnde G\u00fc\u00e7l\u00fc Marka<\/div>\n\t\t\t\t\t\t\t\t\t\t\t\t\t\t\t\t\t<div class=\"btn-wrapper\">\n\t\t\t\t\t\t\t\t\t\t<a href=\"\"> <\/a>\n\t\t\t\t\t\t\t\t\t<\/div>\n\t\t\t\t\t\t\t\t\t\t\t\t\t\t\t<\/div>\n\t\t\t\t\t\t<\/div>\n\t\t\t\t\t<\/div>\n\n\t\t\t\t\n\t\t\t\t\t<div class=\"swiper-slide\">\n\t\t\t\t\t\t<figure class=\"slider-image\" >\n\t\t\t\t\t\t\t<img width=\"1902\" height=\"595\"\t\t\t\t\t\t\t\t\tsrc=\"http:\/\/www.kokgroup.com.tr\/wp-content\/uploads\/2022\/04\/kemer.jpg\"\n\t\t\t\t\t\t\t\t\talt=\" KEMER L\u0130FE  S\u0130TES\u0130\"\n\t\t\t\t\t\t\t\t\ttitle=\" KEMER L\u0130FE  S\u0130TES\u0130\"\/>\n\t\t\t\t\t\t\t<div class=\"overlay\"><\/div>\n\t\t\t\t\t\t<\/figure>\n\t\t\t\t\t\t<div class=\"slider-content\">\n\t\t\t\t\t\t\t<div class=\"tg-container\">\n\t\t\t\t\t\t\t\t<div class=\"caption-title\"> KEMER L\u0130FE  S\u0130TES\u0130<\/div>\n\t\t\t\t\t\t\t\t<div class=\"caption-desc\"> K\u00f6k Yap\u0131 \u0130n\u015faat Projesi<\/div>\n\t\t\t\t\t\t\t\t\t\t\t\t\t\t\t\t\t<div class=\"btn-wrapper\">\n\t\t\t\t\t\t\t\t\t\t<a href=\"\"> <\/a>\n\t\t\t\t\t\t\t\t\t<\/div>\n\t\t\t\t\t\t\t\t\t\t\t\t\t\t\t<\/div>\n\t\t\t\t\t\t<\/div>\n\t\t\t\t\t<\/div>\n\n\t\t\t\t\t\t<\/div>\n\t\t<div class=\"swiper-pagination\"><\/div>\n\t\t<div class=\"slider-arrow\">\n\t\t\t<div class=\"swiper-button-next\"><\/div>\n\t\t\t<div class=\"swiper-button-prev\"><\/div>\n\t\t<\/div>\n\t<\/div>\n<\/div>\n<\/div><\/div><\/div><\/div><div id=\"pg-718-1\"  class=\"panel-grid panel-has-style\" ><div class=\"panel-row-style panel-row-style-for-718-1\" ><div id=\"pgc-718-1-0\"  class=\"panel-grid-cell\" ><div id=\"panel-718-1-0-0\" class=\"so-panel widget widget_themegrill_flash_logo tg-section client-section panel-first-child panel-last-child\" data-index=\"1\" ><div class=\"tg-client-widget\">\n\t<div class=\"client-container swiper-container\">\n\t\t<div class=\"client-wrapper swiper-wrapper\">\n\t\t\t\t\t<div class=\"client-slide swiper-slide\">\n\t\t\t\t<img src=\"http:\/\/www.kokgroup.com.tr\/wp-content\/uploads\/2022\/04\/3620161000358.png\" alt=\"Logo 1\" \/>\n\t\t\t<\/div>\n\t\t\t\t\t\t<div class=\"client-slide swiper-slide\">\n\t\t\t\t<img src=\"http:\/\/www.kokgroup.com.tr\/wp-content\/uploads\/2022\/04\/252016103846204.png\" alt=\"Logo 2\" \/>\n\t\t\t<\/div>\n\t\t\t\t\t\t<div class=\"client-slide swiper-slide\">\n\t\t\t\t<img src=\"http:\/\/www.kokgroup.com.tr\/wp-content\/uploads\/2022\/04\/362016101321395.png\" alt=\"Logo 3\" \/>\n\t\t\t<\/div>\n\t\t\t\t\t<\/div>\n\t<\/div>\n<\/div>\n<\/div><\/div><\/div><\/div><div id=\"pg-718-2\"  class=\"panel-grid panel-has-style\" ><div class=\"panel-row-style panel-row-style-for-718-2\" ><div id=\"pgc-718-2-0\"  class=\"panel-grid-cell\" ><div id=\"panel-718-2-0-0\" class=\"so-panel widget widget_themegrill_flash_service tg-widget tg-single-service panel-first-child panel-last-child\" data-index=\"2\" >\n<div class=\"tg-service-widget tg-service-layout-1\">\n\t<div class=\"service-wrapper\">\n\t\t<div class=\"service-icon-title-wrapper clearfix\">\n\t\t\t\t\t\t<div class=\"service-icon-wrap\"><i class=\"fa fa-cog\"><\/i><\/div>\n\t\t\t\t\t\t\t\t\t\t\t\t<h3 class=\"service-title-wrap\">\n\t\t\t\t\t\t\t\t<a href=\"#\">\n\t\t\t\tK\u00d6K GROUP\t\t\t\t\t\t\t\t<\/a>\n\t\t\t\t\t\t\t<\/h3>\n\t\t\t\t\t<\/div>\n\t\t\t\t<div class=\"service-content-wrap\">K\u00f6k Yap\u0131 ailesi olarak gelecekte m\u00fc\u015fteri memnuniyeti, g\u00fcven ve kaliteden \u00f6d\u00fcn vermeden \u0130stanbul\u2019un geli\u015fimine ve kentsel d\u00f6n\u00fc\u015f\u00fcm\u00fcne katk\u0131 sa\u011flayacak projeler ger\u00e7ekle\u015ftirmeyi hedefliyoruz.<\/div>\n\t\t\t\t\t\t<a class=\"service-more\" href=\"#\">READ MORE<\/a>\n\t\t\t<\/div>\n<\/div>\n<\/div><\/div><div id=\"pgc-718-2-1\"  class=\"panel-grid-cell\" ><div id=\"panel-718-2-1-0\" class=\"so-panel widget widget_themegrill_flash_service tg-widget tg-single-service panel-first-child panel-last-child\" data-index=\"3\" >\n<div class=\"tg-service-widget tg-service-layout-1\">\n\t<div class=\"service-wrapper\">\n\t\t<div class=\"service-icon-title-wrapper clearfix\">\n\t\t\t\t\t\t<div class=\"service-icon-wrap\"><i class=\"fa fa-support\"><\/i><\/div>\n\t\t\t\t\t\t\t\t\t\t\t\t<h3 class=\"service-title-wrap\">\n\t\t\t\t\t\t\t\t<a href=\"#\">\n\t\t\t\tK\u00d6K YAPI \u0130N\u015eAAT\t\t\t\t\t\t\t\t<\/a>\n\t\t\t\t\t\t\t<\/h3>\n\t\t\t\t\t<\/div>\n\t\t\t\t<div class=\"service-content-wrap\">Sizlerin  kendisini huzur, refah ve g\u00fcven i\u00e7inde hissedebildi\u011fi, insanla do\u011fan\u0131n i\u00e7 i\u00e7e olabildi\u011fi, \u00e7evreci, yenilik\u00e7i, farkl\u0131 ve gelece\u011fi temel alan nesilden nesile aktar\u0131labilen projeler  in\u015fa etmektedir.<\/div>\n\t\t\t\t\t\t<a class=\"service-more\" href=\"#\">READ MORE<\/a>\n\t\t\t<\/div>\n<\/div>\n<\/div><\/div><div id=\"pgc-718-2-2\"  class=\"panel-grid-cell\" ><div id=\"panel-718-2-2-0\" class=\"so-panel widget widget_themegrill_flash_service tg-widget tg-single-service panel-first-child panel-last-child\" data-index=\"4\" >\n<div class=\"tg-service-widget tg-service-layout-1\">\n\t<div class=\"service-wrapper\">\n\t\t<div class=\"service-icon-title-wrapper clearfix\">\n\t\t\t\t\t\t<div class=\"service-icon-wrap\"><i class=\"fa fa-chrome\"><\/i><\/div>\n\t\t\t\t\t\t\t\t\t\t\t\t<h3 class=\"service-title-wrap\">\n\t\t\t\t\t\t\t\t<a href=\"#\">\n\t\t\t\tK\u00d6K KARDE\u015eLER PETROL\t\t\t\t\t\t\t\t<\/a>\n\t\t\t\t\t\t\t<\/h3>\n\t\t\t\t\t<\/div>\n\t\t\t\t<div class=\"service-content-wrap\">1998 y\u0131l\u0131ndan beri bireysel ve kurumsal alanda akaryak\u0131t sat\u0131\u015f\u0131 yapan firmam\u0131z, m\u00fc\u015fterilerine kaliteli akaryak\u0131t\u0131 ekonomik fiyatlarla sunmay\u0131 gaye edinmi\u015ftir.<\/div>\n\t\t\t\t\t\t<a class=\"service-more\" href=\"#\">READ MORE<\/a>\n\t\t\t<\/div>\n<\/div>\n<\/div><\/div><\/div><\/div><div id=\"pg-718-3\"  class=\"panel-grid panel-has-style\" ><div class=\"siteorigin-panels-stretch panel-row-style panel-row-style-for-718-3\" data-siteorigin-parallax=\"{&quot;backgroundUrl&quot;:&quot;https:\\\/\\\/www.kokgroup.com.tr\\\/wp-content\\\/uploads\\\/2017\\\/01\\\/fun-facts-bg.jpg&quot;,&quot;backgroundSize&quot;:[1920,338],&quot;backgroundSizing&quot;:&quot;scaled&quot;,&quot;limitMotion&quot;:&quot;auto&quot;}\" data-stretch-type=\"full\" ><div id=\"pgc-718-3-0\"  class=\"panel-grid-cell\" ><div id=\"panel-718-3-0-0\" class=\"so-panel widget widget_themegrill_flash_counter tg-widget tg-single-counter panel-first-child panel-last-child\" data-index=\"5\" ><div class=\"fun-facts-section\">\n\t<div class=\"tg-fun-facts-widget tg-fun-facts-layout-1\">\n\t\t<div class=\"fun-facts-wrapper\">\n\t\t\t\t\t\t<span class=\"fun-facts-icon-wrap\"><i class=\"fa fa-users\"><\/i><\/span>\n\t\t\t\t\t\t\t\t\t<span class=\"counter-wrapper\"><span class=\"counter\">278<\/span><i class=\"fa fa-plus\"><\/i><\/span>\n\t\t\t\t\t\t\t\t\t<h3 class=\"fun-facts-title-wrap\">KONUT<\/h3>\n\t\t\t\t\t<\/div>\n\t<\/div>\n<\/div>\n<\/div><\/div><div id=\"pgc-718-3-1\"  class=\"panel-grid-cell\" ><div id=\"panel-718-3-1-0\" class=\"so-panel widget widget_themegrill_flash_counter tg-widget tg-single-counter panel-first-child panel-last-child\" data-index=\"6\" ><div class=\"fun-facts-section\">\n\t<div class=\"tg-fun-facts-widget tg-fun-facts-layout-1\">\n\t\t<div class=\"fun-facts-wrapper\">\n\t\t\t\t\t\t<span class=\"fun-facts-icon-wrap\"><i class=\"fa fa-cart-plus\"><\/i><\/span>\n\t\t\t\t\t\t\t\t\t<span class=\"counter-wrapper\"><span class=\"counter\">35<\/span><i class=\"fa fa-plus\"><\/i><\/span>\n\t\t\t\t\t\t\t\t\t<h3 class=\"fun-facts-title-wrap\">\u0130\u015eYER\u0130<\/h3>\n\t\t\t\t\t<\/div>\n\t<\/div>\n<\/div>\n<\/div><\/div><div id=\"pgc-718-3-2\"  class=\"panel-grid-cell\" ><div id=\"panel-718-3-2-0\" class=\"so-panel widget widget_themegrill_flash_counter tg-widget tg-single-counter panel-first-child panel-last-child\" data-index=\"7\" ><div class=\"fun-facts-section\">\n\t<div class=\"tg-fun-facts-widget tg-fun-facts-layout-1\">\n\t\t<div class=\"fun-facts-wrapper\">\n\t\t\t\t\t\t<span class=\"fun-facts-icon-wrap\"><i class=\"fa fa-coffee\"><\/i><\/span>\n\t\t\t\t\t\t\t\t\t<span class=\"counter-wrapper\"><span class=\"counter\">85<\/span><i class=\"fa fa-plus\"><\/i><\/span>\n\t\t\t\t\t\t\t\t\t<h3 class=\"fun-facts-title-wrap\">\u00c7ALI\u015eAN<\/h3>\n\t\t\t\t\t<\/div>\n\t<\/div>\n<\/div>\n<\/div><\/div><div id=\"pgc-718-3-3\"  class=\"panel-grid-cell\" ><div id=\"panel-718-3-3-0\" class=\"so-panel widget widget_themegrill_flash_counter tg-widget tg-single-counter panel-first-child panel-last-child\" data-index=\"8\" ><div class=\"fun-facts-section\">\n\t<div class=\"tg-fun-facts-widget tg-fun-facts-layout-1\">\n\t\t<div class=\"fun-facts-wrapper\">\n\t\t\t\t\t\t<span class=\"fun-facts-icon-wrap\"><i class=\"fa fa-taxi\"><\/i><\/span>\n\t\t\t\t\t\t\t\t\t<span class=\"counter-wrapper\"><span class=\"counter\">29<\/span><i class=\"fa fa-plus\"><\/i><\/span>\n\t\t\t\t\t\t\t\t\t<h3 class=\"fun-facts-title-wrap\">ARA\u00c7<\/h3>\n\t\t\t\t\t<\/div>\n\t<\/div>\n<\/div>\n<\/div><\/div><\/div><\/div><div id=\"pg-718-4\"  class=\"panel-grid panel-no-style\" ><div id=\"pgc-718-4-0\"  class=\"panel-grid-cell panel-grid-cell-empty\" ><\/div><\/div><div id=\"pg-718-5\"  class=\"panel-grid panel-has-style\" ><div class=\"panel-row-style panel-row-style-for-718-5\" ><div id=\"pgc-718-5-0\"  class=\"panel-grid-cell panel-grid-cell-empty\" ><\/div><\/div><\/div><\/div>","protected":false},"excerpt":{"rendered":"<p>K\u00d6K KARDE\u015eLER PETROL Shell Petrol Bayiili\u011fi K\u00d6K YAPI \u0130N\u015eAAT \u0130n\u015faat Sekt\u00f6r\u00fcnde G\u00fc\u00e7l\u00fc Marka KEMER L\u0130FE S\u0130TES\u0130 K\u00f6k Yap\u0131 \u0130n\u015faat Projesi [&hellip;]<\/p>\n","protected":false},"author":1,"featured_media":0,"parent":0,"menu_order":0,"comment_status":"closed","ping_status":"closed","template":"page-templates\/pagebuilder.php","meta":[],"_links":{"self":[{"href":"https:\/\/www.kokgroup.com.tr\/index.php?rest_route=\/wp\/v2\/pages\/718"}],"collection":[{"href":"https:\/\/www.kokgroup.com.tr\/index.php?rest_route=\/wp\/v2\/pages"}],"about":[{"href":"https:\/\/www.kokgroup.com.tr\/index.php?rest_route=\/wp\/v2\/types\/page"}],"author":[{"embeddable":true,"href":"https:\/\/www.kokgroup.com.tr\/index.php?rest_route=\/wp\/v2\/users\/1"}],"replies":[{"embeddable":true,"href":"https:\/\/www.kokgroup.com.tr\/index.php?rest_route=%2Fwp%2Fv2%2Fcomments&post=718"}],"version-history":[{"count":57,"href":"https:\/\/www.kokgroup.com.tr\/index.php?rest_route=\/wp\/v2\/pages\/718\/revisions"}],"predecessor-version":[{"id":910,"href":"https:\/\/www.kokgroup.com.tr\/index.php?rest_route=\/wp\/v2\/pages\/718\/revisions\/910"}],"wp:attachment":[{"href":"https:\/\/www.kokgroup.com.tr\/index.php?rest_route=%2Fwp%2Fv2%2Fmedia&parent=718"}],"curies":[{"name":"wp","href":"https:\/\/api.w.org\/{rel}","templated":true}]}}