{"id":23,"date":"2017-01-02T09:38:20","date_gmt":"2017-01-02T09:38:20","guid":{"rendered":"https:\/\/demo.themegrill.com\/flash-default-2\/?page_id=23"},"modified":"2022-04-27T09:32:56","modified_gmt":"2022-04-27T09:32:56","slug":"right-sidebar","status":"publish","type":"page","link":"https:\/\/www.kokgroup.com.tr\/?page_id=23","title":{"rendered":"K\u00d6K YAPI \u0130N\u015eAAT"},"content":{"rendered":"\n\n\n<figure class=\"wp-block-image size-full\"><img loading=\"lazy\" width=\"160\" height=\"154\" src=\"http:\/\/www.kokgroup.com.tr\/wp-content\/uploads\/2022\/04\/252016103846204.png\" alt=\"\" class=\"wp-image-816\"\/><\/figure>\n\n\n\n<p>Sizlerin kendisini huzur, refah ve g\u00fcven i\u00e7inde hissedebildi\u011fi, insanla do\u011fan\u0131n i\u00e7 i\u00e7e olabildi\u011fi, \u00e7evreci, yenilik\u00e7i, farkl\u0131 ve gelece\u011fi temel alan nesilden nesile aktar\u0131labilen projeler in\u015fa etmektedir.<\/p>\n\n\n\n<figure class=\"wp-block-gallery has-nested-images columns-default is-cropped\">\n<figure class=\"wp-block-image size-large\"><img loading=\"lazy\" width=\"1024\" height=\"683\" data-id=\"898\"  src=\"http:\/\/www.kokgroup.com.tr\/wp-content\/uploads\/2022\/04\/IMG_7812.jpg\" alt=\"\" class=\"wp-image-898\" srcset=\"https:\/\/www.kokgroup.com.tr\/wp-content\/uploads\/2022\/04\/IMG_7812.jpg 1024w, https:\/\/www.kokgroup.com.tr\/wp-content\/uploads\/2022\/04\/IMG_7812-300x200.jpg 300w, https:\/\/www.kokgroup.com.tr\/wp-content\/uploads\/2022\/04\/IMG_7812-768x512.jpg 768w\" sizes=\"(max-width: 1024px) 100vw, 1024px\" \/><\/figure>\n\n\n\n<figure class=\"wp-block-image size-large\"><img loading=\"lazy\" width=\"1024\" height=\"683\" data-id=\"858\"  src=\"http:\/\/www.kokgroup.com.tr\/wp-content\/uploads\/2022\/04\/IMG_7772.jpg\" alt=\"\" class=\"wp-image-858\" srcset=\"https:\/\/www.kokgroup.com.tr\/wp-content\/uploads\/2022\/04\/IMG_7772.jpg 1024w, https:\/\/www.kokgroup.com.tr\/wp-content\/uploads\/2022\/04\/IMG_7772-300x200.jpg 300w, https:\/\/www.kokgroup.com.tr\/wp-content\/uploads\/2022\/04\/IMG_7772-768x512.jpg 768w\" sizes=\"(max-width: 1024px) 100vw, 1024px\" \/><\/figure>\n\n\n\n<figure class=\"wp-block-image size-large\"><img loading=\"lazy\" width=\"1024\" height=\"683\" data-id=\"859\"  src=\"http:\/\/www.kokgroup.com.tr\/wp-content\/uploads\/2022\/04\/IMG_7773.jpg\" alt=\"\" class=\"wp-image-859\" srcset=\"https:\/\/www.kokgroup.com.tr\/wp-content\/uploads\/2022\/04\/IMG_7773.jpg 1024w, https:\/\/www.kokgroup.com.tr\/wp-content\/uploads\/2022\/04\/IMG_7773-300x200.jpg 300w, https:\/\/www.kokgroup.com.tr\/wp-content\/uploads\/2022\/04\/IMG_7773-768x512.jpg 768w\" sizes=\"(max-width: 1024px) 100vw, 1024px\" \/><\/figure>\n\n\n\n<figure class=\"wp-block-image size-large\"><img loading=\"lazy\" width=\"1024\" height=\"683\" data-id=\"862\"  src=\"http:\/\/www.kokgroup.com.tr\/wp-content\/uploads\/2022\/04\/IMG_7776.jpg\" alt=\"\" class=\"wp-image-862\" srcset=\"https:\/\/www.kokgroup.com.tr\/wp-content\/uploads\/2022\/04\/IMG_7776.jpg 1024w, https:\/\/www.kokgroup.com.tr\/wp-content\/uploads\/2022\/04\/IMG_7776-300x200.jpg 300w, https:\/\/www.kokgroup.com.tr\/wp-content\/uploads\/2022\/04\/IMG_7776-768x512.jpg 768w\" sizes=\"(max-width: 1024px) 100vw, 1024px\" \/><\/figure>\n\n\n\n<figure class=\"wp-block-image size-large\"><img loading=\"lazy\" width=\"1024\" height=\"683\" data-id=\"852\"  src=\"http:\/\/www.kokgroup.com.tr\/wp-content\/uploads\/2022\/04\/IMG_7766.jpg\" alt=\"\" class=\"wp-image-852\" srcset=\"https:\/\/www.kokgroup.com.tr\/wp-content\/uploads\/2022\/04\/IMG_7766.jpg 1024w, https:\/\/www.kokgroup.com.tr\/wp-content\/uploads\/2022\/04\/IMG_7766-300x200.jpg 300w, https:\/\/www.kokgroup.com.tr\/wp-content\/uploads\/2022\/04\/IMG_7766-768x512.jpg 768w\" sizes=\"(max-width: 1024px) 100vw, 1024px\" \/><\/figure>\n\n\n\n<figure class=\"wp-block-image size-large\"><img loading=\"lazy\" width=\"512\" height=\"768\" data-id=\"855\"  src=\"http:\/\/www.kokgroup.com.tr\/wp-content\/uploads\/2022\/04\/IMG_7769.jpg\" alt=\"\" class=\"wp-image-855\" srcset=\"https:\/\/www.kokgroup.com.tr\/wp-content\/uploads\/2022\/04\/IMG_7769.jpg 512w, https:\/\/www.kokgroup.com.tr\/wp-content\/uploads\/2022\/04\/IMG_7769-200x300.jpg 200w\" sizes=\"(max-width: 512px) 100vw, 512px\" \/><\/figure>\n\n\n\n<figure class=\"wp-block-image size-large\"><img loading=\"lazy\" width=\"1024\" height=\"683\" data-id=\"872\"  src=\"http:\/\/www.kokgroup.com.tr\/wp-content\/uploads\/2022\/04\/IMG_7786.jpg\" alt=\"\" class=\"wp-image-872\" srcset=\"https:\/\/www.kokgroup.com.tr\/wp-content\/uploads\/2022\/04\/IMG_7786.jpg 1024w, https:\/\/www.kokgroup.com.tr\/wp-content\/uploads\/2022\/04\/IMG_7786-300x200.jpg 300w, https:\/\/www.kokgroup.com.tr\/wp-content\/uploads\/2022\/04\/IMG_7786-768x512.jpg 768w\" sizes=\"(max-width: 1024px) 100vw, 1024px\" \/><\/figure>\n\n\n\n<figure class=\"wp-block-image size-large\"><img loading=\"lazy\" width=\"1902\" height=\"595\" data-id=\"800\"  src=\"http:\/\/www.kokgroup.com.tr\/wp-content\/uploads\/2022\/04\/kemer.jpg\" alt=\"\" class=\"wp-image-800\" srcset=\"https:\/\/www.kokgroup.com.tr\/wp-content\/uploads\/2022\/04\/kemer.jpg 1902w, https:\/\/www.kokgroup.com.tr\/wp-content\/uploads\/2022\/04\/kemer-300x94.jpg 300w, https:\/\/www.kokgroup.com.tr\/wp-content\/uploads\/2022\/04\/kemer-1024x320.jpg 1024w, https:\/\/www.kokgroup.com.tr\/wp-content\/uploads\/2022\/04\/kemer-768x240.jpg 768w, https:\/\/www.kokgroup.com.tr\/wp-content\/uploads\/2022\/04\/kemer-1536x481.jpg 1536w\" sizes=\"(max-width: 1902px) 100vw, 1902px\" \/><\/figure>\n\n\n\n<figure class=\"wp-block-image size-large\"><img loading=\"lazy\" width=\"1024\" height=\"683\" data-id=\"864\"  src=\"http:\/\/www.kokgroup.com.tr\/wp-content\/uploads\/2022\/04\/IMG_7778.jpg\" alt=\"\" class=\"wp-image-864\" srcset=\"https:\/\/www.kokgroup.com.tr\/wp-content\/uploads\/2022\/04\/IMG_7778.jpg 1024w, https:\/\/www.kokgroup.com.tr\/wp-content\/uploads\/2022\/04\/IMG_7778-300x200.jpg 300w, https:\/\/www.kokgroup.com.tr\/wp-content\/uploads\/2022\/04\/IMG_7778-768x512.jpg 768w\" sizes=\"(max-width: 1024px) 100vw, 1024px\" \/><\/figure>\n<\/figure>\n","protected":false},"excerpt":{"rendered":"<p>Sizlerin kendisini huzur, refah ve g\u00fcven i\u00e7inde hissedebildi\u011fi, insanla do\u011fan\u0131n i\u00e7 i\u00e7e olabildi\u011fi, \u00e7evreci, yenilik\u00e7i, farkl\u0131 ve gelece\u011fi temel alan [&hellip;]<\/p>\n","protected":false},"author":1,"featured_media":0,"parent":0,"menu_order":0,"comment_status":"closed","ping_status":"closed","template":"","meta":[],"_links":{"self":[{"href":"https:\/\/www.kokgroup.com.tr\/index.php?rest_route=\/wp\/v2\/pages\/23"}],"collection":[{"href":"https:\/\/www.kokgroup.com.tr\/index.php?rest_route=\/wp\/v2\/pages"}],"about":[{"href":"https:\/\/www.kokgroup.com.tr\/index.php?rest_route=\/wp\/v2\/types\/page"}],"author":[{"embeddable":true,"href":"https:\/\/www.kokgroup.com.tr\/index.php?rest_route=\/wp\/v2\/users\/1"}],"replies":[{"embeddable":true,"href":"https:\/\/www.kokgroup.com.tr\/index.php?rest_route=%2Fwp%2Fv2%2Fcomments&post=23"}],"version-history":[{"count":3,"href":"https:\/\/www.kokgroup.com.tr\/index.php?rest_route=\/wp\/v2\/pages\/23\/revisions"}],"predecessor-version":[{"id":901,"href":"https:\/\/www.kokgroup.com.tr\/index.php?rest_route=\/wp\/v2\/pages\/23\/revisions\/901"}],"wp:attachment":[{"href":"https:\/\/www.kokgroup.com.tr\/index.php?rest_route=%2Fwp%2Fv2%2Fmedia&parent=23"}],"curies":[{"name":"wp","href":"https:\/\/api.w.org\/{rel}","templated":true}]}}