{"id":209,"date":"2017-01-11T09:08:47","date_gmt":"2017-01-11T09:08:47","guid":{"rendered":"https:\/\/demo.themegrill.com\/flash-default-2\/shop\/"},"modified":"2022-04-28T07:14:29","modified_gmt":"2022-04-28T07:14:29","slug":"shop","status":"publish","type":"page","link":"https:\/\/www.kokgroup.com.tr\/?page_id=209","title":{"rendered":"K\u00d6K KARDE\u015eLER PETROL"},"content":{"rendered":"\n<h2><\/h2>\n\n\n\n<figure class=\"wp-block-image size-full\"><img loading=\"lazy\" width=\"135\" height=\"150\" src=\"http:\/\/www.kokgroup.com.tr\/wp-content\/uploads\/2022\/04\/362016101321395.png\" alt=\"\" class=\"wp-image-817\"\/><\/figure>\n\n\n\n<p>K\u00d6K KARDE\u015eLER PETROL 1998 y\u0131l\u0131ndan beri bireysel ve kurumsal alanda akaryak\u0131t sat\u0131\u015f\u0131 yapan firmam\u0131z, m\u00fc\u015fterilerine kaliteli akaryak\u0131t\u0131 ekonomik fiyatlarla sunmay\u0131 gaye edinmi\u015ftir.<\/p>\n\n\n\n<figure class=\"wp-block-gallery has-nested-images columns-default is-cropped\">\n<figure class=\"wp-block-image size-large\"><img loading=\"lazy\" width=\"1024\" height=\"683\" data-id=\"893\"  src=\"http:\/\/www.kokgroup.com.tr\/wp-content\/uploads\/2022\/04\/IMG_7807.jpg\" alt=\"\" class=\"wp-image-893\" srcset=\"https:\/\/www.kokgroup.com.tr\/wp-content\/uploads\/2022\/04\/IMG_7807.jpg 1024w, https:\/\/www.kokgroup.com.tr\/wp-content\/uploads\/2022\/04\/IMG_7807-300x200.jpg 300w, https:\/\/www.kokgroup.com.tr\/wp-content\/uploads\/2022\/04\/IMG_7807-768x512.jpg 768w\" sizes=\"(max-width: 1024px) 100vw, 1024px\" \/><\/figure>\n\n\n\n<figure class=\"wp-block-image size-large\"><img loading=\"lazy\" width=\"1024\" height=\"683\" data-id=\"891\"  src=\"http:\/\/www.kokgroup.com.tr\/wp-content\/uploads\/2022\/04\/IMG_7805.jpg\" alt=\"\" class=\"wp-image-891\" srcset=\"https:\/\/www.kokgroup.com.tr\/wp-content\/uploads\/2022\/04\/IMG_7805.jpg 1024w, https:\/\/www.kokgroup.com.tr\/wp-content\/uploads\/2022\/04\/IMG_7805-300x200.jpg 300w, https:\/\/www.kokgroup.com.tr\/wp-content\/uploads\/2022\/04\/IMG_7805-768x512.jpg 768w\" sizes=\"(max-width: 1024px) 100vw, 1024px\" \/><\/figure>\n\n\n\n<figure class=\"wp-block-image size-large\"><img loading=\"lazy\" width=\"1024\" height=\"683\" data-id=\"890\"  src=\"http:\/\/www.kokgroup.com.tr\/wp-content\/uploads\/2022\/04\/IMG_7804.jpg\" alt=\"\" class=\"wp-image-890\" srcset=\"https:\/\/www.kokgroup.com.tr\/wp-content\/uploads\/2022\/04\/IMG_7804.jpg 1024w, https:\/\/www.kokgroup.com.tr\/wp-content\/uploads\/2022\/04\/IMG_7804-300x200.jpg 300w, https:\/\/www.kokgroup.com.tr\/wp-content\/uploads\/2022\/04\/IMG_7804-768x512.jpg 768w\" sizes=\"(max-width: 1024px) 100vw, 1024px\" \/><\/figure>\n\n\n\n<figure class=\"wp-block-image size-large\"><img loading=\"lazy\" width=\"1024\" height=\"683\" data-id=\"888\"  src=\"http:\/\/www.kokgroup.com.tr\/wp-content\/uploads\/2022\/04\/IMG_7802.jpg\" alt=\"\" class=\"wp-image-888\" srcset=\"https:\/\/www.kokgroup.com.tr\/wp-content\/uploads\/2022\/04\/IMG_7802.jpg 1024w, https:\/\/www.kokgroup.com.tr\/wp-content\/uploads\/2022\/04\/IMG_7802-300x200.jpg 300w, https:\/\/www.kokgroup.com.tr\/wp-content\/uploads\/2022\/04\/IMG_7802-768x512.jpg 768w\" sizes=\"(max-width: 1024px) 100vw, 1024px\" \/><\/figure>\n\n\n\n<figure class=\"wp-block-image size-large\"><img loading=\"lazy\" width=\"1024\" height=\"683\" data-id=\"885\"  src=\"http:\/\/www.kokgroup.com.tr\/wp-content\/uploads\/2022\/04\/IMG_7799.jpg\" alt=\"\" class=\"wp-image-885\" srcset=\"https:\/\/www.kokgroup.com.tr\/wp-content\/uploads\/2022\/04\/IMG_7799.jpg 1024w, https:\/\/www.kokgroup.com.tr\/wp-content\/uploads\/2022\/04\/IMG_7799-300x200.jpg 300w, https:\/\/www.kokgroup.com.tr\/wp-content\/uploads\/2022\/04\/IMG_7799-768x512.jpg 768w\" sizes=\"(max-width: 1024px) 100vw, 1024px\" \/><\/figure>\n\n\n\n<figure class=\"wp-block-image size-large\"><img loading=\"lazy\" width=\"1024\" height=\"683\" data-id=\"886\"  src=\"http:\/\/www.kokgroup.com.tr\/wp-content\/uploads\/2022\/04\/IMG_7800.jpg\" alt=\"\" class=\"wp-image-886\" srcset=\"https:\/\/www.kokgroup.com.tr\/wp-content\/uploads\/2022\/04\/IMG_7800.jpg 1024w, https:\/\/www.kokgroup.com.tr\/wp-content\/uploads\/2022\/04\/IMG_7800-300x200.jpg 300w, https:\/\/www.kokgroup.com.tr\/wp-content\/uploads\/2022\/04\/IMG_7800-768x512.jpg 768w\" sizes=\"(max-width: 1024px) 100vw, 1024px\" \/><\/figure>\n\n\n\n<figure class=\"wp-block-image size-large\"><img loading=\"lazy\" width=\"1024\" height=\"683\" data-id=\"897\"  src=\"http:\/\/www.kokgroup.com.tr\/wp-content\/uploads\/2022\/04\/IMG_7811.jpg\" alt=\"\" class=\"wp-image-897\" srcset=\"https:\/\/www.kokgroup.com.tr\/wp-content\/uploads\/2022\/04\/IMG_7811.jpg 1024w, https:\/\/www.kokgroup.com.tr\/wp-content\/uploads\/2022\/04\/IMG_7811-300x200.jpg 300w, https:\/\/www.kokgroup.com.tr\/wp-content\/uploads\/2022\/04\/IMG_7811-768x512.jpg 768w\" sizes=\"(max-width: 1024px) 100vw, 1024px\" \/><\/figure>\n\n\n\n<figure class=\"wp-block-image size-large\"><img loading=\"lazy\" width=\"1024\" height=\"683\" data-id=\"895\"  src=\"http:\/\/www.kokgroup.com.tr\/wp-content\/uploads\/2022\/04\/IMG_7809.jpg\" alt=\"\" class=\"wp-image-895\" srcset=\"https:\/\/www.kokgroup.com.tr\/wp-content\/uploads\/2022\/04\/IMG_7809.jpg 1024w, https:\/\/www.kokgroup.com.tr\/wp-content\/uploads\/2022\/04\/IMG_7809-300x200.jpg 300w, https:\/\/www.kokgroup.com.tr\/wp-content\/uploads\/2022\/04\/IMG_7809-768x512.jpg 768w\" sizes=\"(max-width: 1024px) 100vw, 1024px\" \/><\/figure>\n\n\n\n<figure class=\"wp-block-image size-large\"><img loading=\"lazy\" width=\"1024\" height=\"683\" data-id=\"866\"  src=\"http:\/\/www.kokgroup.com.tr\/wp-content\/uploads\/2022\/04\/IMG_7780.jpg\" alt=\"\" class=\"wp-image-866\" srcset=\"https:\/\/www.kokgroup.com.tr\/wp-content\/uploads\/2022\/04\/IMG_7780.jpg 1024w, https:\/\/www.kokgroup.com.tr\/wp-content\/uploads\/2022\/04\/IMG_7780-300x200.jpg 300w, https:\/\/www.kokgroup.com.tr\/wp-content\/uploads\/2022\/04\/IMG_7780-768x512.jpg 768w\" sizes=\"(max-width: 1024px) 100vw, 1024px\" \/><\/figure>\n<\/figure>\n","protected":false},"excerpt":{"rendered":"<p>K\u00d6K KARDE\u015eLER PETROL 1998 y\u0131l\u0131ndan beri bireysel ve kurumsal alanda akaryak\u0131t sat\u0131\u015f\u0131 yapan firmam\u0131z, m\u00fc\u015fterilerine kaliteli akaryak\u0131t\u0131 ekonomik fiyatlarla sunmay\u0131 [&hellip;]<\/p>\n","protected":false},"author":1,"featured_media":0,"parent":0,"menu_order":0,"comment_status":"closed","ping_status":"closed","template":"page-templates\/full-width.php","meta":[],"_links":{"self":[{"href":"https:\/\/www.kokgroup.com.tr\/index.php?rest_route=\/wp\/v2\/pages\/209"}],"collection":[{"href":"https:\/\/www.kokgroup.com.tr\/index.php?rest_route=\/wp\/v2\/pages"}],"about":[{"href":"https:\/\/www.kokgroup.com.tr\/index.php?rest_route=\/wp\/v2\/types\/page"}],"author":[{"embeddable":true,"href":"https:\/\/www.kokgroup.com.tr\/index.php?rest_route=\/wp\/v2\/users\/1"}],"replies":[{"embeddable":true,"href":"https:\/\/www.kokgroup.com.tr\/index.php?rest_route=%2Fwp%2Fv2%2Fcomments&post=209"}],"version-history":[{"count":6,"href":"https:\/\/www.kokgroup.com.tr\/index.php?rest_route=\/wp\/v2\/pages\/209\/revisions"}],"predecessor-version":[{"id":904,"href":"https:\/\/www.kokgroup.com.tr\/index.php?rest_route=\/wp\/v2\/pages\/209\/revisions\/904"}],"wp:attachment":[{"href":"https:\/\/www.kokgroup.com.tr\/index.php?rest_route=%2Fwp%2Fv2%2Fmedia&parent=209"}],"curies":[{"name":"wp","href":"https:\/\/api.w.org\/{rel}","templated":true}]}}