{"id":17,"date":"2017-01-02T08:36:21","date_gmt":"2017-01-02T08:36:21","guid":{"rendered":"https:\/\/demo.themegrill.com\/flash-default-2\/?page_id=17"},"modified":"2022-04-24T12:58:19","modified_gmt":"2022-04-24T12:58:19","slug":"about","status":"publish","type":"page","link":"https:\/\/www.kokgroup.com.tr\/?page_id=17","title":{"rendered":"HAKKIMIZDA"},"content":{"rendered":"\n<p>K\u00d6K GROUP b\u00fcnyesinde olan Karde\u015fler Petrol ve \u0130n\u015faat olarak 1998 y\u0131l\u0131ndan bu yana sayg\u0131l\u0131 ve g\u00fcvenilir bir i\u015fletme olarak devam etmekteyiz. 2008 y\u0131l\u0131nda in\u015faat sekt\u00f6r\u00fcndeki ilk \u00f6nemli projemiz olan K\u00f6k Plaza\u2019y\u0131 \u0130stanbul\u2019un h\u0131zl\u0131 geli\u015fen il\u00e7elerinden biri olan Ba\u011fc\u0131lar\u2019da tamamlad\u0131k.<\/p>\n\n\n\n<p>G\u00fcn\u00fcm\u00fcz\u00fcn en \u00e7ok de\u011ferlenen gayrimenkul sekt\u00f6r\u00fcne K\u00d6K GROUP alt\u0131nda K\u00d6K YAPI olarak, gayrimenkul projeleri geli\u015ftirmek ve bu geli\u015ftirilen projelerin sizler i\u00e7in g\u00fcvenli\u011fin, esteti\u011fin ve konforu i\u00e7inde bar\u0131nd\u0131ran in\u015faatlar\u0131n\u0131 yapmak i\u00e7in 2016 y\u0131l\u0131nda K\u00d6K GROUP alt\u0131nda K\u00d6K YAPI olarak devam etmekle birlikte sizlere yeni projemizle yeni bir konut kazand\u0131rmaktan mutluluk duyuyoruz.<\/p>\n\n\n\n<p>&nbsp;K\u00f6k Yap\u0131 ailesi olarak gelecekte m\u00fc\u015fteri memnuniyeti, g\u00fcven ve kaliteden \u00f6d\u00fcn vermeden \u0130stanbul\u2019un geli\u015fimine ve kentsel d\u00f6n\u00fc\u015f\u00fcm\u00fcne katk\u0131 sa\u011flayacak projeler ger\u00e7ekle\u015ftirmeyi hedefliyoruz.&nbsp;<\/p>\n","protected":false},"excerpt":{"rendered":"<p>K\u00d6K GROUP b\u00fcnyesinde olan Karde\u015fler Petrol ve \u0130n\u015faat olarak 1998 y\u0131l\u0131ndan bu yana sayg\u0131l\u0131 ve g\u00fcvenilir bir i\u015fletme olarak devam [&hellip;]<\/p>\n","protected":false},"author":1,"featured_media":0,"parent":0,"menu_order":0,"comment_status":"closed","ping_status":"closed","template":"","meta":[],"_links":{"self":[{"href":"https:\/\/www.kokgroup.com.tr\/index.php?rest_route=\/wp\/v2\/pages\/17"}],"collection":[{"href":"https:\/\/www.kokgroup.com.tr\/index.php?rest_route=\/wp\/v2\/pages"}],"about":[{"href":"https:\/\/www.kokgroup.com.tr\/index.php?rest_route=\/wp\/v2\/types\/page"}],"author":[{"embeddable":true,"href":"https:\/\/www.kokgroup.com.tr\/index.php?rest_route=\/wp\/v2\/users\/1"}],"replies":[{"embeddable":true,"href":"https:\/\/www.kokgroup.com.tr\/index.php?rest_route=%2Fwp%2Fv2%2Fcomments&post=17"}],"version-history":[{"count":1,"href":"https:\/\/www.kokgroup.com.tr\/index.php?rest_route=\/wp\/v2\/pages\/17\/revisions"}],"predecessor-version":[{"id":766,"href":"https:\/\/www.kokgroup.com.tr\/index.php?rest_route=\/wp\/v2\/pages\/17\/revisions\/766"}],"wp:attachment":[{"href":"https:\/\/www.kokgroup.com.tr\/index.php?rest_route=%2Fwp%2Fv2%2Fmedia&parent=17"}],"curies":[{"name":"wp","href":"https:\/\/api.w.org\/{rel}","templated":true}]}}